{"id":1770,"date":"2022-08-16T19:56:34","date_gmt":"2022-08-16T19:56:34","guid":{"rendered":"https:\/\/iqra-quran.com\/ueber\/"},"modified":"2025-05-24T15:38:53","modified_gmt":"2025-05-24T15:38:53","slug":"ueber","status":"publish","type":"page","link":"https:\/\/iqra-quran.com\/de\/ueber\/","title":{"rendered":"\u00dcber"},"content":{"rendered":"\t\t<div data-elementor-type=\"wp-page\" data-elementor-id=\"1770\" class=\"elementor elementor-1770 elementor-242\" data-elementor-post-type=\"page\">\n\t\t\t\t<div class=\"elementor-element elementor-element-072d40c e-flex e-con-boxed e-con e-parent\" data-id=\"072d40c\" data-element_type=\"container\" data-e-type=\"container\" data-settings=\"{&quot;background_background&quot;:&quot;classic&quot;}\">\n\t\t\t\t\t<div class=\"e-con-inner\">\n\t\t<div class=\"elementor-element elementor-element-a05e99e e-flex e-con-boxed e-con e-child\" data-id=\"a05e99e\" data-element_type=\"container\" data-e-type=\"container\">\n\t\t\t\t\t<div class=\"e-con-inner\">\n\t\t\t\t<div class=\"elementor-element elementor-element-15b1ac2 elementor-widget elementor-widget-heading\" data-id=\"15b1ac2\" data-element_type=\"widget\" data-e-type=\"widget\" data-widget_type=\"heading.default\">\n\t\t\t\t<div class=\"elementor-widget-container\">\n\t\t\t\t\t<h1 class=\"elementor-heading-title elementor-size-default\">\u00dcber Uns<\/h1>\t\t\t\t<\/div>\n\t\t\t\t<\/div>\n\t\t\t\t<div class=\"elementor-element elementor-element-d176f9b elementor-widget__width-initial elementor-widget elementor-widget-image\" data-id=\"d176f9b\" data-element_type=\"widget\" data-e-type=\"widget\" data-widget_type=\"image.default\">\n\t\t\t\t<div class=\"elementor-widget-container\">\n\t\t\t\t\t\t\t\t\t\t\t\t\t\t\t<img fetchpriority=\"high\" decoding=\"async\" width=\"630\" height=\"499\" src=\"https:\/\/iqra-quran.com\/wp-content\/uploads\/2022\/09\/quran-5-min-1-min.png\" class=\"attachment-full size-full wp-image-1627\" alt=\"\" srcset=\"https:\/\/iqra-quran.com\/wp-content\/uploads\/2022\/09\/quran-5-min-1-min.png 630w, https:\/\/iqra-quran.com\/wp-content\/uploads\/2022\/09\/quran-5-min-1-min-300x238.png 300w\" sizes=\"(max-width: 630px) 100vw, 630px\" \/>\t\t\t\t\t\t\t\t\t\t\t\t\t\t\t<\/div>\n\t\t\t\t<\/div>\n\t\t\t\t\t<\/div>\n\t\t\t\t<\/div>\n\t\t\t\t\t<\/div>\n\t\t\t\t<\/div>\n\t\t<div class=\"elementor-element elementor-element-0f58d2c e-con-full e-flex e-con e-parent\" data-id=\"0f58d2c\" data-element_type=\"container\" data-e-type=\"container\">\n\t\t<div class=\"elementor-element elementor-element-07e9b40 e-con-full e-flex e-con e-child\" data-id=\"07e9b40\" data-element_type=\"container\" data-e-type=\"container\" data-settings=\"{&quot;background_background&quot;:&quot;classic&quot;}\">\n\t\t\t\t<div class=\"elementor-element elementor-element-3534181 elementor-widget elementor-widget-text-editor\" data-id=\"3534181\" data-element_type=\"widget\" data-e-type=\"widget\" data-widget_type=\"text-editor.default\">\n\t\t\t\t<div class=\"elementor-widget-container\">\n\t\t\t\t\t\t\t\t\t<p>Mein Name ist Serdarhan Uyar, und ich bin der Autor dieser Website. Meine pers\u00f6nliche Leidenschaft liegt im Studium des Korans. Diese Reise vertieft mein Verst\u00e4ndnis von Gottes Botschaft an die Menschheit und st\u00e4rkt meinen eigenen Glauben. Ich habe diese Website in der Hoffnung entwickelt, den Glauben anderer an Gott, den Gn\u00e4digsten, den Barmherzigsten, zu st\u00e4rken.<\/p>\n<p>Meine Motivation ist es, unserem Herrn zu gefallen, indem ich seine Botschaft an Menschen verbreite, die sich f\u00fcr den Islam und Seine Botschaft an uns interessieren. <\/p>\n\t\t\t\t\t\t\t\t<\/div>\n\t\t\t\t<\/div>\n\t\t\t\t<div class=\"elementor-element elementor-element-47bbb49 elementor-blockquote--skin-border elementor-widget elementor-widget-blockquote\" data-id=\"47bbb49\" data-element_type=\"widget\" data-e-type=\"widget\" data-widget_type=\"blockquote.default\">\n\t\t\t\t<div class=\"elementor-widget-container\">\n\t\t\t\t\t\t\t<blockquote class=\"elementor-blockquote\">\n\t\t\t<p class=\"elementor-blockquote__content\">\n\t\t\t\t\"Der Sohn Adams wird nicht eher von Allah weggehen, als bis er \u00fcber f\u00fcnf Dinge befragt wird: wie er sein Leben gelebt und wie er seine Jugend genutzt hat, mit welchen Mitteln er seinen Reichtum erworben hat, wie er seinen Reichtum ausgegeben hat und was er mit seinem Wissen gemacht hat.\"\t\t\t<\/p>\n\t\t\t\t\t\t\t<div class=\"e-q-footer\">\n\t\t\t\t\t\t\t\t\t\t\t<cite class=\"elementor-blockquote__author\">Tirmidhi<\/cite>\n\t\t\t\t\t\t\t\t\t\t\t\t\t\t<\/div>\n\t\t\t\t\t<\/blockquote>\n\t\t\t\t\t\t<\/div>\n\t\t\t\t<\/div>\n\t\t\t\t<\/div>\n\t\t<div class=\"elementor-element elementor-element-301e791 e-con-full e-flex e-con e-child\" data-id=\"301e791\" data-element_type=\"container\" data-e-type=\"container\" data-settings=\"{&quot;background_background&quot;:&quot;classic&quot;}\">\n\t\t\t\t<div class=\"elementor-element elementor-element-efcfe04 elementor-widget elementor-widget-image\" data-id=\"efcfe04\" data-element_type=\"widget\" data-e-type=\"widget\" data-widget_type=\"image.default\">\n\t\t\t\t<div class=\"elementor-widget-container\">\n\t\t\t\t\t\t\t\t\t\t\t\t\t\t\t<img decoding=\"async\" width=\"500\" height=\"500\" src=\"https:\/\/iqra-quran.com\/wp-content\/uploads\/2022\/09\/quran.png\" class=\"attachment-full size-full wp-image-1557\" alt=\"\" srcset=\"https:\/\/iqra-quran.com\/wp-content\/uploads\/2022\/09\/quran.png 500w, https:\/\/iqra-quran.com\/wp-content\/uploads\/2022\/09\/quran-300x300.png 300w, https:\/\/iqra-quran.com\/wp-content\/uploads\/2022\/09\/quran-150x150.png 150w\" sizes=\"(max-width: 500px) 100vw, 500px\" \/>\t\t\t\t\t\t\t\t\t\t\t\t\t\t\t<\/div>\n\t\t\t\t<\/div>\n\t\t\t\t<\/div>\n\t\t\t\t<\/div>\n\t\t<div class=\"elementor-element elementor-element-b3e7c8a e-con-full e-flex e-con e-parent\" data-id=\"b3e7c8a\" data-element_type=\"container\" data-e-type=\"container\">\n\t\t<div class=\"elementor-element elementor-element-32d6a62 e-con-full e-flex e-con e-child\" data-id=\"32d6a62\" data-element_type=\"container\" data-e-type=\"container\" data-settings=\"{&quot;background_background&quot;:&quot;classic&quot;}\">\n\t\t<div class=\"elementor-element elementor-element-aa6a6c5 e-con-full e-flex e-con e-child\" data-id=\"aa6a6c5\" data-element_type=\"container\" data-e-type=\"container\">\n\t\t\t\t<div class=\"elementor-element elementor-element-5585bb9 elementor-widget elementor-widget-heading\" data-id=\"5585bb9\" data-element_type=\"widget\" data-e-type=\"widget\" data-widget_type=\"heading.default\">\n\t\t\t\t<div class=\"elementor-widget-container\">\n\t\t\t\t\t<h2 class=\"elementor-heading-title elementor-size-default\">Was ist unsere Motivation?<\/h2>\t\t\t\t<\/div>\n\t\t\t\t<\/div>\n\t\t\t\t<div class=\"elementor-element elementor-element-71dbab1 elementor-widget elementor-widget-text-editor\" data-id=\"71dbab1\" data-element_type=\"widget\" data-e-type=\"widget\" data-widget_type=\"text-editor.default\">\n\t\t\t\t<div class=\"elementor-widget-container\">\n\t\t\t\t\t\t\t\t\t<p>In unserer Religion wird jemand als gesegnet angesehen, wenn er in der Lage ist, Wissen \u00fcber seinen Sch\u00f6pfer zu erlangen. Dies w\u00fcrde den &#8222;Iman&#8220; (Glauben) st\u00e4rken und somit zu den Erfolgreichen im Jenseits geh\u00f6ren. Deshalb habe ich mich entschlossen, diese Website zu erstellen, um das Wissen \u00fcber den Islam so einfach wie m\u00f6glich zug\u00e4nglich zu machen, wobei ich so wenig wie m\u00f6glich pers\u00f6nliche Kommentare hinzuf\u00fcge und mich nur an authentische Quellen halte.<\/p>\n\t\t\t\t\t\t\t\t<\/div>\n\t\t\t\t<\/div>\n\t\t\t\t<\/div>\n\t\t<div class=\"elementor-element elementor-element-3027642 e-con-full e-flex e-con e-child\" data-id=\"3027642\" data-element_type=\"container\" data-e-type=\"container\">\n\t\t\t\t<div class=\"elementor-element elementor-element-eb5cd75 elementor-widget elementor-widget-image\" data-id=\"eb5cd75\" data-element_type=\"widget\" data-e-type=\"widget\" data-widget_type=\"image.default\">\n\t\t\t\t<div class=\"elementor-widget-container\">\n\t\t\t\t\t\t\t\t\t\t\t\t\t\t\t<img decoding=\"async\" width=\"500\" height=\"748\" src=\"https:\/\/iqra-quran.com\/wp-content\/uploads\/2022\/09\/pexels-taha-elahi-12336414-min.jpg\" class=\"attachment-large size-large wp-image-1555\" alt=\"\" srcset=\"https:\/\/iqra-quran.com\/wp-content\/uploads\/2022\/09\/pexels-taha-elahi-12336414-min.jpg 500w, https:\/\/iqra-quran.com\/wp-content\/uploads\/2022\/09\/pexels-taha-elahi-12336414-min-201x300.jpg 201w\" sizes=\"(max-width: 500px) 100vw, 500px\" \/>\t\t\t\t\t\t\t\t\t\t\t\t\t\t\t<\/div>\n\t\t\t\t<\/div>\n\t\t\t\t<\/div>\n\t\t\t\t<\/div>\n\t\t\t\t<\/div>\n\t\t<div class=\"elementor-element elementor-element-09c176e e-flex e-con-boxed e-con e-parent\" data-id=\"09c176e\" data-element_type=\"container\" data-e-type=\"container\" data-settings=\"{&quot;background_background&quot;:&quot;classic&quot;}\">\n\t\t\t\t\t<div class=\"e-con-inner\">\n\t\t<div class=\"elementor-element elementor-element-2cc3fe4 e-con-full e-flex e-con e-child\" data-id=\"2cc3fe4\" data-element_type=\"container\" data-e-type=\"container\">\n\t\t\t\t<div class=\"elementor-element elementor-element-5e31eef elementor-widget__width-initial elementor-widget elementor-widget-image\" data-id=\"5e31eef\" data-element_type=\"widget\" data-e-type=\"widget\" data-widget_type=\"image.default\">\n\t\t\t\t<div class=\"elementor-widget-container\">\n\t\t\t\t\t\t\t\t\t\t\t\t\t\t\t<img loading=\"lazy\" decoding=\"async\" width=\"534\" height=\"534\" src=\"https:\/\/iqra-quran.com\/wp-content\/uploads\/2022\/08\/Favicon.png\" class=\"attachment-full size-full wp-image-1521\" alt=\"\" srcset=\"https:\/\/iqra-quran.com\/wp-content\/uploads\/2022\/08\/Favicon.png 534w, https:\/\/iqra-quran.com\/wp-content\/uploads\/2022\/08\/Favicon-300x300.png 300w, https:\/\/iqra-quran.com\/wp-content\/uploads\/2022\/08\/Favicon-150x150.png 150w\" sizes=\"(max-width: 534px) 100vw, 534px\" \/>\t\t\t\t\t\t\t\t\t\t\t\t\t\t\t<\/div>\n\t\t\t\t<\/div>\n\t\t\t\t<\/div>\n\t\t<div class=\"elementor-element elementor-element-f377430 e-con-full e-flex e-con e-child\" data-id=\"f377430\" data-element_type=\"container\" data-e-type=\"container\" data-settings=\"{&quot;background_background&quot;:&quot;classic&quot;}\">\n\t\t\t\t<div class=\"elementor-element elementor-element-716357b elementor-widget elementor-widget-heading\" data-id=\"716357b\" data-element_type=\"widget\" data-e-type=\"widget\" data-widget_type=\"heading.default\">\n\t\t\t\t<div class=\"elementor-widget-container\">\n\t\t\t\t\t<h2 class=\"elementor-heading-title elementor-size-default\">Zukunft von iqra-quran.com<\/h2>\t\t\t\t<\/div>\n\t\t\t\t<\/div>\n\t\t\t\t<div class=\"elementor-element elementor-element-8a59121 elementor-widget elementor-widget-text-editor\" data-id=\"8a59121\" data-element_type=\"widget\" data-e-type=\"widget\" data-widget_type=\"text-editor.default\">\n\t\t\t\t<div class=\"elementor-widget-container\">\n\t\t\t\t\t\t\t\t\t<p>Dies ist ein Liebesprojekt von uns, das wir so lange wie m\u00f6glich fortsetzen wollen. Wenn wir mehr \u00fcber den Koran erfahren, werden wir es hier ver\u00f6ffentlichen und mit Ihnen teilen. Wenn Sie an unseren Inhalten interessiert sind, k\u00f6nnen Sie sich f\u00fcr unseren Newsletter anmelden, um \u00fcber unsere Inhalte auf dem Laufenden zu bleiben.<\/p>\n\t\t\t\t\t\t\t\t<\/div>\n\t\t\t\t<\/div>\n\t\t\t\t<div class=\"elementor-element elementor-element-f37a4bf elementor-widget elementor-widget-shortcode\" data-id=\"f37a4bf\" data-element_type=\"widget\" data-e-type=\"widget\" data-widget_type=\"shortcode.default\">\n\t\t\t\t<div class=\"elementor-widget-container\">\n\t\t\t\t\t\t\t<div class=\"elementor-shortcode\">  \n  \n  <div class=\"\n    mailpoet_form_popup_overlay\n      \"><\/div>\n  <div\n    id=\"mailpoet_form_1\"\n    class=\"\n      mailpoet_form\n      mailpoet_form_shortcode\n      mailpoet_form_position_\n      mailpoet_form_animation_\n    \"\n      >\n\n    <style type=\"text\/css\">\n     #mailpoet_form_1 .mailpoet_form {  }\n#mailpoet_form_1 .mailpoet_column_with_background { padding: 10px; }\n#mailpoet_form_1 .mailpoet_form_column:not(:first-child) { margin-left: 20px; }\n#mailpoet_form_1 .mailpoet_paragraph { line-height: 20px; margin-bottom: 20px; }\n#mailpoet_form_1 .mailpoet_segment_label, #mailpoet_form_1 .mailpoet_text_label, #mailpoet_form_1 .mailpoet_textarea_label, #mailpoet_form_1 .mailpoet_select_label, #mailpoet_form_1 .mailpoet_radio_label, #mailpoet_form_1 .mailpoet_checkbox_label, #mailpoet_form_1 .mailpoet_list_label, #mailpoet_form_1 .mailpoet_date_label { display: block; font-weight: normal; }\n#mailpoet_form_1 .mailpoet_text, #mailpoet_form_1 .mailpoet_textarea, #mailpoet_form_1 .mailpoet_select, #mailpoet_form_1 .mailpoet_date_month, #mailpoet_form_1 .mailpoet_date_day, #mailpoet_form_1 .mailpoet_date_year, #mailpoet_form_1 .mailpoet_date { display: block; }\n#mailpoet_form_1 .mailpoet_text, #mailpoet_form_1 .mailpoet_textarea { width: 200px; }\n#mailpoet_form_1 .mailpoet_checkbox {  }\n#mailpoet_form_1 .mailpoet_submit {  }\n#mailpoet_form_1 .mailpoet_divider {  }\n#mailpoet_form_1 .mailpoet_message {  }\n#mailpoet_form_1 .mailpoet_form_loading { width: 30px; text-align: center; line-height: normal; }\n#mailpoet_form_1 .mailpoet_form_loading > span { width: 5px; height: 5px; background-color: #5b5b5b; }#mailpoet_form_1{border-radius: 0px;text-align: center;}#mailpoet_form_1 form.mailpoet_form {padding: 0px;}#mailpoet_form_1{width: 100%;}#mailpoet_form_1 .mailpoet_message {margin: 0; padding: 0 20px;}#mailpoet_form_1 .mailpoet_paragraph.last {margin-bottom: 0} @media (max-width: 500px) {#mailpoet_form_1 {background-image: none;}} @media (min-width: 500px) {#mailpoet_form_1 .last .mailpoet_paragraph:last-child {margin-bottom: 0}}  @media (max-width: 500px) {#mailpoet_form_1 .mailpoet_form_column:last-child .mailpoet_paragraph:last-child {margin-bottom: 0}} \n    <\/style>\n\n    <form\n      target=\"_self\"\n      method=\"post\"\n      action=\"https:\/\/iqra-quran.com\/wp-admin\/admin-post.php?action=mailpoet_subscription_form\"\n      class=\"mailpoet_form mailpoet_form_form mailpoet_form_shortcode\"\n      novalidate\n      data-delay=\"\"\n      data-exit-intent-enabled=\"\"\n      data-font-family=\"\"\n      data-cookie-expiration-time=\"\"\n    >\n      <input type=\"hidden\" name=\"data[form_id]\" value=\"1\" \/>\n      <input type=\"hidden\" name=\"token\" value=\"f3a39336e9\" \/>\n      <input type=\"hidden\" name=\"api_version\" value=\"v1\" \/>\n      <input type=\"hidden\" name=\"endpoint\" value=\"subscribers\" \/>\n      <input type=\"hidden\" name=\"mailpoet_method\" value=\"subscribe\" \/>\n\n      <label class=\"mailpoet_hp_email_label\" style=\"display: none !important;\">Bitte dieses Feld leer lassen<input type=\"email\" name=\"data[email]\"\/><\/label><div class=\"mailpoet_paragraph \"><input type=\"email\" autocomplete=\"email\" class=\"mailpoet_text\" id=\"form_email_1\" name=\"data[form_field_ZjJhMDM3NzhlY2IzX2VtYWls]\" title=\"Email Address\" value=\"\" style=\"width:100%;box-sizing:border-box;padding:10px;margin: 0 auto;\" data-automation-id=\"form_email\"  placeholder=\"Email Address *\" aria-label=\"Email Address *\" data-parsley-errors-container=\".mailpoet_error_3cv8e\" data-parsley-required=\"true\" required aria-required=\"true\" data-parsley-minlength=\"6\" data-parsley-maxlength=\"150\" data-parsley-type-message=\"Dieser Wert sollte eine g\u00fcltige E-Mail-Adresse sein.\" data-parsley-required-message=\"Dieses Feld wird ben\u00f6tigt.\"\/><span class=\"mailpoet_error_3cv8e\"><\/span><\/div>\n<div class=\"mailpoet_paragraph \"><input type=\"submit\" class=\"mailpoet_submit\" value=\"Subscribe!\" data-automation-id=\"subscribe-submit-button\" style=\"width:100%;box-sizing:border-box;padding:10px;margin: 0 auto;border-color:transparent;\" \/><span class=\"mailpoet_form_loading\"><span class=\"mailpoet_bounce1\"><\/span><span class=\"mailpoet_bounce2\"><\/span><span class=\"mailpoet_bounce3\"><\/span><\/span><\/div>\n\n      <div class=\"mailpoet_message\">\n        <p class=\"mailpoet_validate_success\"\n                style=\"display:none;\"\n                >You\u2019ve been successfully subscribed to our newsletter!\n        <\/p>\n        <p class=\"mailpoet_validate_error\"\n                style=\"display:none;\"\n                >        <\/p>\n      <\/div>\n    <\/form>\n\n      <\/div>\n\n  <\/div>\n\t\t\t\t\t\t<\/div>\n\t\t\t\t<\/div>\n\t\t\t\t<\/div>\n\t\t\t\t\t<\/div>\n\t\t\t\t<\/div>\n\t\t\t\t<\/div>\n\t\t","protected":false},"excerpt":{"rendered":"<p>\u00dcber Uns Mein Name ist Serdarhan Uyar, und ich bin der Autor dieser Website. Meine pers\u00f6nliche Leidenschaft liegt im Studium des Korans. Diese Reise vertieft mein Verst\u00e4ndnis von Gottes Botschaft an die Menschheit und st\u00e4rkt meinen eigenen Glauben. Ich habe diese Website in der Hoffnung entwickelt, den Glauben anderer an Gott, den Gn\u00e4digsten, den Barmherzigsten, [&hellip;]<\/p>\n","protected":false},"author":3,"featured_media":0,"parent":0,"menu_order":0,"comment_status":"closed","ping_status":"closed","template":"","meta":{"iawp_total_views":177,"footnotes":""},"class_list":["post-1770","page","type-page","status-publish","hentry"],"_links":{"self":[{"href":"https:\/\/iqra-quran.com\/de\/wp-json\/wp\/v2\/pages\/1770","targetHints":{"allow":["GET"]}}],"collection":[{"href":"https:\/\/iqra-quran.com\/de\/wp-json\/wp\/v2\/pages"}],"about":[{"href":"https:\/\/iqra-quran.com\/de\/wp-json\/wp\/v2\/types\/page"}],"author":[{"embeddable":true,"href":"https:\/\/iqra-quran.com\/de\/wp-json\/wp\/v2\/users\/3"}],"replies":[{"embeddable":true,"href":"https:\/\/iqra-quran.com\/de\/wp-json\/wp\/v2\/comments?post=1770"}],"version-history":[{"count":6,"href":"https:\/\/iqra-quran.com\/de\/wp-json\/wp\/v2\/pages\/1770\/revisions"}],"predecessor-version":[{"id":4051,"href":"https:\/\/iqra-quran.com\/de\/wp-json\/wp\/v2\/pages\/1770\/revisions\/4051"}],"wp:attachment":[{"href":"https:\/\/iqra-quran.com\/de\/wp-json\/wp\/v2\/media?parent=1770"}],"curies":[{"name":"wp","href":"https:\/\/api.w.org\/{rel}","templated":true}]}}