{"id":1774,"date":"2022-08-16T19:59:31","date_gmt":"2022-08-16T19:59:31","guid":{"rendered":"https:\/\/iqra-quran.com\/blog\/"},"modified":"2024-05-30T13:10:33","modified_gmt":"2024-05-30T13:10:33","slug":"blog","status":"publish","type":"page","link":"https:\/\/iqra-quran.com\/de\/blog\/","title":{"rendered":"Blog"},"content":{"rendered":"\t\t<div data-elementor-type=\"wp-page\" data-elementor-id=\"1774\" class=\"elementor elementor-1774 elementor-261\" data-elementor-post-type=\"page\">\n\t\t\t\t<div class=\"elementor-element elementor-element-d414b9a e-flex e-con-boxed e-con e-parent\" data-id=\"d414b9a\" data-element_type=\"container\" data-e-type=\"container\" id=\"section_2\" data-settings=\"{&quot;background_background&quot;:&quot;classic&quot;}\">\n\t\t\t\t\t<div class=\"e-con-inner\">\n\t\t<div class=\"elementor-element elementor-element-aeaac97 e-flex e-con-boxed e-con e-child\" data-id=\"aeaac97\" data-element_type=\"container\" data-e-type=\"container\">\n\t\t\t\t\t<div class=\"e-con-inner\">\n\t\t<div class=\"elementor-element elementor-element-94001d8 e-con-full e-flex e-con e-child\" data-id=\"94001d8\" data-element_type=\"container\" data-e-type=\"container\">\n\t\t\t\t<div class=\"elementor-element elementor-element-84db32a elementor-widget elementor-widget-heading\" data-id=\"84db32a\" data-element_type=\"widget\" data-e-type=\"widget\" data-widget_type=\"heading.default\">\n\t\t\t\t<div class=\"elementor-widget-container\">\n\t\t\t\t\t<h2 class=\"elementor-heading-title elementor-size-default\">Die Wunder des Qur'an<\/h2>\t\t\t\t<\/div>\n\t\t\t\t<\/div>\n\t\t\t\t<div class=\"elementor-element elementor-element-6b5c63c elementor-widget elementor-widget-text-editor\" data-id=\"6b5c63c\" data-element_type=\"widget\" data-e-type=\"widget\" data-widget_type=\"text-editor.default\">\n\t\t\t\t<div class=\"elementor-widget-container\">\n\t\t\t\t\t\t\t\t\t<p>Von allen Religionen da drau\u00dfen ist der Islam die einzige, die ein rein monotheistisches Glaubenssystem lehrt. Sie behauptet auch, dass das g\u00f6ttliche Buch des Islam, der Koran, die direkte Rede Gottes selbst ist.<\/p>\n<p>Man k\u00f6nnte erwarten, dass eine solche Rede wie ein Wunder wirkt, und das zu Recht. Der Koran ist wahrlich eine wundersame Rede, und in diesem Abschnitt werden wir uns diese Wunder und ihre Bedeutung genauer ansehen.<\/p>\n\t\t\t\t\t\t\t\t<\/div>\n\t\t\t\t<\/div>\n\t\t\t\t<div class=\"elementor-element elementor-element-993d12a elementor-align-left elementor-widget elementor-widget-button\" data-id=\"993d12a\" data-element_type=\"widget\" data-e-type=\"widget\" data-widget_type=\"button.default\">\n\t\t\t\t<div class=\"elementor-widget-container\">\n\t\t\t\t\t\t\t\t\t<div class=\"elementor-button-wrapper\">\n\t\t\t\t\t<a class=\"elementor-button elementor-button-link elementor-size-sm\" href=\"https:\/\/iqra-quran.com\/de\/die-wunder-des-koran\/\">\n\t\t\t\t\t\t<span class=\"elementor-button-content-wrapper\">\n\t\t\t\t\t\t\t\t\t<span class=\"elementor-button-text\">Mehr erfahren<\/span>\n\t\t\t\t\t<\/span>\n\t\t\t\t\t<\/a>\n\t\t\t\t<\/div>\n\t\t\t\t\t\t\t\t<\/div>\n\t\t\t\t<\/div>\n\t\t\t\t<\/div>\n\t\t<div class=\"elementor-element elementor-element-5237f0b elementor-hidden-tablet elementor-hidden-mobile e-flex e-con-boxed e-con e-child\" data-id=\"5237f0b\" data-element_type=\"container\" data-e-type=\"container\">\n\t\t\t\t\t<div class=\"e-con-inner\">\n\t\t\t\t\t<\/div>\n\t\t\t\t<\/div>\n\t\t\t\t\t<\/div>\n\t\t\t\t<\/div>\n\t\t\t\t\t<\/div>\n\t\t\t\t<\/div>\n\t\t<div class=\"elementor-element elementor-element-61e15f1 e-flex e-con-boxed e-con e-parent\" data-id=\"61e15f1\" data-element_type=\"container\" data-e-type=\"container\" id=\"section_1\" data-settings=\"{&quot;background_background&quot;:&quot;classic&quot;}\">\n\t\t\t\t\t<div class=\"e-con-inner\">\n\t\t<div class=\"elementor-element elementor-element-1869ea5 e-flex e-con-boxed e-con e-child\" data-id=\"1869ea5\" data-element_type=\"container\" data-e-type=\"container\">\n\t\t\t\t\t<div class=\"e-con-inner\">\n\t\t<div class=\"elementor-element elementor-element-735ad01 e-con-full e-flex e-con e-child\" data-id=\"735ad01\" data-element_type=\"container\" data-e-type=\"container\">\n\t\t\t\t<div class=\"elementor-element elementor-element-a000e59 elementor-widget elementor-widget-heading\" data-id=\"a000e59\" data-element_type=\"widget\" data-e-type=\"widget\" data-widget_type=\"heading.default\">\n\t\t\t\t<div class=\"elementor-widget-container\">\n\t\t\t\t\t<h2 class=\"elementor-heading-title elementor-size-default\">Argumente f\u00fcr einen Sch\u00f6pfer<\/h2>\t\t\t\t<\/div>\n\t\t\t\t<\/div>\n\t\t\t\t<div class=\"elementor-element elementor-element-b14e72c elementor-widget elementor-widget-text-editor\" data-id=\"b14e72c\" data-element_type=\"widget\" data-e-type=\"widget\" data-widget_type=\"text-editor.default\">\n\t\t\t\t<div class=\"elementor-widget-container\">\n\t\t\t\t\t\t\t\t\t<p>Es kann schwierig sein, einen Ungl\u00e4ubigen mit Gottes g\u00f6ttlichem Buch von der Existenz Gottes zu \u00fcberzeugen. Ein Ungl\u00e4ubiger glaubt zun\u00e4chst einmal nicht an dieses Buch. Aber es gibt viele logische und rationale Argumente, die man verwenden kann, um jemandem die Existenz Gottes zu beweisen oder um einfach den eigenen Glauben zu st\u00e4rken.<\/p>\n<p>In diesem Abschnitt werden wir uns mit solchen Argumenten befassen.<\/p>\n\t\t\t\t\t\t\t\t<\/div>\n\t\t\t\t<\/div>\n\t\t\t\t<div class=\"elementor-element elementor-element-b44da34 elementor-align-left elementor-widget elementor-widget-button\" data-id=\"b44da34\" data-element_type=\"widget\" data-e-type=\"widget\" data-widget_type=\"button.default\">\n\t\t\t\t<div class=\"elementor-widget-container\">\n\t\t\t\t\t\t\t\t\t<div class=\"elementor-button-wrapper\">\n\t\t\t\t\t<a class=\"elementor-button elementor-button-link elementor-size-sm\" href=\"https:\/\/iqra-quran.com\/arguments-for-a-creator\/\">\n\t\t\t\t\t\t<span class=\"elementor-button-content-wrapper\">\n\t\t\t\t\t\t\t\t\t<span class=\"elementor-button-text\">Mehr erfahren<\/span>\n\t\t\t\t\t<\/span>\n\t\t\t\t\t<\/a>\n\t\t\t\t<\/div>\n\t\t\t\t\t\t\t\t<\/div>\n\t\t\t\t<\/div>\n\t\t\t\t<\/div>\n\t\t<div class=\"elementor-element elementor-element-d29a3da elementor-hidden-tablet elementor-hidden-mobile e-flex e-con-boxed e-con e-child\" data-id=\"d29a3da\" data-element_type=\"container\" data-e-type=\"container\">\n\t\t\t\t\t<div class=\"e-con-inner\">\n\t\t\t\t\t<\/div>\n\t\t\t\t<\/div>\n\t\t\t\t\t<\/div>\n\t\t\t\t<\/div>\n\t\t\t\t\t<\/div>\n\t\t\t\t<\/div>\n\t\t<div class=\"elementor-element elementor-element-93d7acf e-flex e-con-boxed e-con e-parent\" data-id=\"93d7acf\" data-element_type=\"container\" data-e-type=\"container\" data-settings=\"{&quot;background_background&quot;:&quot;classic&quot;}\">\n\t\t\t\t\t<div class=\"e-con-inner\">\n\t\t<div class=\"elementor-element elementor-element-76c1369 e-flex e-con-boxed e-con e-child\" data-id=\"76c1369\" data-element_type=\"container\" data-e-type=\"container\">\n\t\t\t\t\t<div class=\"e-con-inner\">\n\t\t<div class=\"elementor-element elementor-element-2079398 e-con-full e-flex e-con e-child\" data-id=\"2079398\" data-element_type=\"container\" data-e-type=\"container\">\n\t\t\t\t<div class=\"elementor-element elementor-element-dd94311 elementor-widget elementor-widget-heading\" data-id=\"dd94311\" data-element_type=\"widget\" data-e-type=\"widget\" data-widget_type=\"heading.default\">\n\t\t\t\t<div class=\"elementor-widget-container\">\n\t\t\t\t\t<h2 class=\"elementor-heading-title elementor-size-default\">Kapitel des Korans<\/h2>\t\t\t\t<\/div>\n\t\t\t\t<\/div>\n\t\t\t\t<div class=\"elementor-element elementor-element-7cf6a30 elementor-widget elementor-widget-text-editor\" data-id=\"7cf6a30\" data-element_type=\"widget\" data-e-type=\"widget\" data-widget_type=\"text-editor.default\">\n\t\t\t\t<div class=\"elementor-widget-container\">\n\t\t\t\t\t\t\t\t\t<p>Begeben Sie sich auf eine gef\u00fchrte Erkundung der Kapitel des Korans. Jedes Kapitel ist in \u00fcberschaubare Teile unterteilt, die &#8218;Ruku&#8216; genannt werden, um <b>neuen Lesern helfen<\/b>, die Tiefe und Breite der behandelten Themen zu verstehen. <\/p>\n<p>Dieser Abschnitt enth\u00e4lt <b>Kurzbeschreibungen der einzelnen Ruku<\/b>, die die Themen und Richtlinien beleuchten <b>ohne seinen ganzen heiligen Inhalt zu enth\u00fcllen.<\/b><\/p>\n\t\t\t\t\t\t\t\t<\/div>\n\t\t\t\t<\/div>\n\t\t\t\t<div class=\"elementor-element elementor-element-8e5fb85 elementor-align-left elementor-widget elementor-widget-button\" data-id=\"8e5fb85\" data-element_type=\"widget\" data-e-type=\"widget\" data-widget_type=\"button.default\">\n\t\t\t\t<div class=\"elementor-widget-container\">\n\t\t\t\t\t\t\t\t\t<div class=\"elementor-button-wrapper\">\n\t\t\t\t\t<a class=\"elementor-button elementor-button-link elementor-size-sm\" href=\"https:\/\/iqra-quran.com\/de\/kapitel-des-korans\/\">\n\t\t\t\t\t\t<span class=\"elementor-button-content-wrapper\">\n\t\t\t\t\t\t\t\t\t<span class=\"elementor-button-text\">Mehr erfahren<\/span>\n\t\t\t\t\t<\/span>\n\t\t\t\t\t<\/a>\n\t\t\t\t<\/div>\n\t\t\t\t\t\t\t\t<\/div>\n\t\t\t\t<\/div>\n\t\t\t\t<\/div>\n\t\t<div class=\"elementor-element elementor-element-d21c704 elementor-hidden-tablet elementor-hidden-mobile e-flex e-con-boxed e-con e-child\" data-id=\"d21c704\" data-element_type=\"container\" data-e-type=\"container\">\n\t\t\t\t\t<div class=\"e-con-inner\">\n\t\t\t\t\t<\/div>\n\t\t\t\t<\/div>\n\t\t\t\t\t<\/div>\n\t\t\t\t<\/div>\n\t\t\t\t\t<\/div>\n\t\t\t\t<\/div>\n\t\t<div class=\"elementor-element elementor-element-a0bebd5 e-flex e-con-boxed e-con e-parent\" data-id=\"a0bebd5\" data-element_type=\"container\" data-e-type=\"container\" id=\"section_3\" data-settings=\"{&quot;background_background&quot;:&quot;classic&quot;}\">\n\t\t\t\t\t<div class=\"e-con-inner\">\n\t\t<div class=\"elementor-element elementor-element-f320824 e-flex e-con-boxed e-con e-child\" data-id=\"f320824\" data-element_type=\"container\" data-e-type=\"container\">\n\t\t\t\t\t<div class=\"e-con-inner\">\n\t\t<div class=\"elementor-element elementor-element-b7fc63c e-con-full e-flex e-con e-child\" data-id=\"b7fc63c\" data-element_type=\"container\" data-e-type=\"container\">\n\t\t\t\t<div class=\"elementor-element elementor-element-e173614 elementor-widget elementor-widget-heading\" data-id=\"e173614\" data-element_type=\"widget\" data-e-type=\"widget\" data-widget_type=\"heading.default\">\n\t\t\t\t<div class=\"elementor-widget-container\">\n\t\t\t\t\t<h2 class=\"elementor-heading-title elementor-size-default\">Islamisches Wissen<\/h2>\t\t\t\t<\/div>\n\t\t\t\t<\/div>\n\t\t\t\t<div class=\"elementor-element elementor-element-e65fed6 elementor-widget elementor-widget-text-editor\" data-id=\"e65fed6\" data-element_type=\"widget\" data-e-type=\"widget\" data-widget_type=\"text-editor.default\">\n\t\t\t\t<div class=\"elementor-widget-container\">\n\t\t\t\t\t\t\t\t\t<p>Muslime, d.h. &#8222;Menschen, die sich dem Willen Gottes unterwerfen&#8220;, haben zwei Quellen islamischen Wissens. Der erste ist der Koran und der zweite sind die Hadith-B\u00fccher, die die Ausspr\u00fcche des Propheten Mohammed (Friede sei mit ihm) enthalten. <\/p>\n<p>In diesem Abschnitt werden wir mit Hilfe dieser beiden Quellen \u00fcber verschiedenste Themen des Islam erfahren.<\/p>\n\t\t\t\t\t\t\t\t<\/div>\n\t\t\t\t<\/div>\n\t\t\t\t<div class=\"elementor-element elementor-element-fd931eb elementor-align-left elementor-widget elementor-widget-button\" data-id=\"fd931eb\" data-element_type=\"widget\" data-e-type=\"widget\" data-widget_type=\"button.default\">\n\t\t\t\t<div class=\"elementor-widget-container\">\n\t\t\t\t\t\t\t\t\t<div class=\"elementor-button-wrapper\">\n\t\t\t\t\t<a class=\"elementor-button elementor-button-link elementor-size-sm\" href=\"#\">\n\t\t\t\t\t\t<span class=\"elementor-button-content-wrapper\">\n\t\t\t\t\t\t\t\t\t<span class=\"elementor-button-text\">Demn\u00e4chst verf\u00fcgbar<\/span>\n\t\t\t\t\t<\/span>\n\t\t\t\t\t<\/a>\n\t\t\t\t<\/div>\n\t\t\t\t\t\t\t\t<\/div>\n\t\t\t\t<\/div>\n\t\t\t\t<\/div>\n\t\t<div class=\"elementor-element elementor-element-dc64630 elementor-hidden-tablet elementor-hidden-mobile e-flex e-con-boxed e-con e-child\" data-id=\"dc64630\" data-element_type=\"container\" data-e-type=\"container\">\n\t\t\t\t\t<div class=\"e-con-inner\">\n\t\t\t\t\t<\/div>\n\t\t\t\t<\/div>\n\t\t\t\t\t<\/div>\n\t\t\t\t<\/div>\n\t\t\t\t\t<\/div>\n\t\t\t\t<\/div>\n\t\t\t\t<\/div>\n\t\t","protected":false},"excerpt":{"rendered":"<p>Die Wunder des Qur&#8217;an Von allen Religionen da drau\u00dfen ist der Islam die einzige, die ein rein monotheistisches Glaubenssystem lehrt. Sie behauptet auch, dass das g\u00f6ttliche Buch des Islam, der Koran, die direkte Rede Gottes selbst ist. Man k\u00f6nnte erwarten, dass eine solche Rede wie ein Wunder wirkt, und das zu Recht. Der Koran ist [&hellip;]<\/p>\n","protected":false},"author":3,"featured_media":0,"parent":0,"menu_order":0,"comment_status":"closed","ping_status":"closed","template":"","meta":{"iawp_total_views":85,"footnotes":""},"class_list":["post-1774","page","type-page","status-publish","hentry"],"_links":{"self":[{"href":"https:\/\/iqra-quran.com\/de\/wp-json\/wp\/v2\/pages\/1774","targetHints":{"allow":["GET"]}}],"collection":[{"href":"https:\/\/iqra-quran.com\/de\/wp-json\/wp\/v2\/pages"}],"about":[{"href":"https:\/\/iqra-quran.com\/de\/wp-json\/wp\/v2\/types\/page"}],"author":[{"embeddable":true,"href":"https:\/\/iqra-quran.com\/de\/wp-json\/wp\/v2\/users\/3"}],"replies":[{"embeddable":true,"href":"https:\/\/iqra-quran.com\/de\/wp-json\/wp\/v2\/comments?post=1774"}],"version-history":[{"count":4,"href":"https:\/\/iqra-quran.com\/de\/wp-json\/wp\/v2\/pages\/1774\/revisions"}],"predecessor-version":[{"id":3216,"href":"https:\/\/iqra-quran.com\/de\/wp-json\/wp\/v2\/pages\/1774\/revisions\/3216"}],"wp:attachment":[{"href":"https:\/\/iqra-quran.com\/de\/wp-json\/wp\/v2\/media?parent=1774"}],"curies":[{"name":"wp","href":"https:\/\/api.w.org\/{rel}","templated":true}]}}