{"id":1766,"date":"2022-08-16T19:56:34","date_gmt":"2022-08-16T19:56:34","guid":{"rendered":"https:\/\/iqra-quran.com\/hakkinda\/"},"modified":"2025-05-24T15:43:37","modified_gmt":"2025-05-24T15:43:37","slug":"hakkinda","status":"publish","type":"page","link":"https:\/\/iqra-quran.com\/tr\/hakkinda\/","title":{"rendered":"Hakk\u0131nda"},"content":{"rendered":"\t\t<div data-elementor-type=\"wp-page\" data-elementor-id=\"1766\" class=\"elementor elementor-1766 elementor-242\" data-elementor-post-type=\"page\">\n\t\t\t\t<div class=\"elementor-element elementor-element-072d40c e-flex e-con-boxed e-con e-parent\" data-id=\"072d40c\" data-element_type=\"container\" data-e-type=\"container\" data-settings=\"{&quot;background_background&quot;:&quot;classic&quot;}\">\n\t\t\t\t\t<div class=\"e-con-inner\">\n\t\t<div class=\"elementor-element elementor-element-a05e99e e-flex e-con-boxed e-con e-child\" data-id=\"a05e99e\" data-element_type=\"container\" data-e-type=\"container\">\n\t\t\t\t\t<div class=\"e-con-inner\">\n\t\t\t\t<div class=\"elementor-element elementor-element-15b1ac2 elementor-widget elementor-widget-heading\" data-id=\"15b1ac2\" data-element_type=\"widget\" data-e-type=\"widget\" data-widget_type=\"heading.default\">\n\t\t\t\t<div class=\"elementor-widget-container\">\n\t\t\t\t\t<h1 class=\"elementor-heading-title elementor-size-default\">Hakk\u0131m\u0131zda<\/h1>\t\t\t\t<\/div>\n\t\t\t\t<\/div>\n\t\t\t\t<div class=\"elementor-element elementor-element-d176f9b elementor-widget__width-initial elementor-widget elementor-widget-image\" data-id=\"d176f9b\" data-element_type=\"widget\" data-e-type=\"widget\" data-widget_type=\"image.default\">\n\t\t\t\t<div class=\"elementor-widget-container\">\n\t\t\t\t\t\t\t\t\t\t\t\t\t\t\t<img fetchpriority=\"high\" decoding=\"async\" width=\"630\" height=\"499\" src=\"https:\/\/iqra-quran.com\/wp-content\/uploads\/2022\/09\/quran-5-min-1-min.png\" class=\"attachment-full size-full wp-image-1628\" alt=\"\" srcset=\"https:\/\/iqra-quran.com\/wp-content\/uploads\/2022\/09\/quran-5-min-1-min.png 630w, https:\/\/iqra-quran.com\/wp-content\/uploads\/2022\/09\/quran-5-min-1-min-300x238.png 300w\" sizes=\"(max-width: 630px) 100vw, 630px\" \/>\t\t\t\t\t\t\t\t\t\t\t\t\t\t\t<\/div>\n\t\t\t\t<\/div>\n\t\t\t\t\t<\/div>\n\t\t\t\t<\/div>\n\t\t\t\t\t<\/div>\n\t\t\t\t<\/div>\n\t\t<div class=\"elementor-element elementor-element-0f58d2c e-con-full e-flex e-con e-parent\" data-id=\"0f58d2c\" data-element_type=\"container\" data-e-type=\"container\">\n\t\t<div class=\"elementor-element elementor-element-07e9b40 e-con-full e-flex e-con e-child\" data-id=\"07e9b40\" data-element_type=\"container\" data-e-type=\"container\" data-settings=\"{&quot;background_background&quot;:&quot;classic&quot;}\">\n\t\t\t\t<div class=\"elementor-element elementor-element-3534181 elementor-widget elementor-widget-text-editor\" data-id=\"3534181\" data-element_type=\"widget\" data-e-type=\"widget\" data-widget_type=\"text-editor.default\">\n\t\t\t\t<div class=\"elementor-widget-container\">\n\t\t\t\t\t\t\t\t\t<p>Benim ad\u0131m Serdarhan Uyar ve bu web sitesinin kurucusuyum. Kuran&#8217;\u0131 \u00f6\u011frenmek benim ki\u015fisel tutkumdur. Bu yolculuk, Allah&#8217;\u0131n insanl\u0131\u011fa verdi\u011fi mesaja ili\u015fkin anlay\u0131\u015f\u0131m\u0131 derinle\u015ftiriyor ve kendi inanc\u0131m\u0131 g\u00fc\u00e7lendiriyor. Bu web sitesini, ba\u015fkalar\u0131n\u0131n Allah&#8217;a olan inan\u00e7lar\u0131n\u0131 g\u00fc\u00e7lendirmek umuduyla kurdum.<\/p>\n<p>Benim motivasyonum, \u0130slam&#8217;a ilgi duyan insanlara O&#8217;nun mesaj\u0131n\u0131 yayarak Rabbimizi memnun etmektir. <\/p>\n\t\t\t\t\t\t\t\t<\/div>\n\t\t\t\t<\/div>\n\t\t\t\t<div class=\"elementor-element elementor-element-47bbb49 elementor-blockquote--skin-border elementor-widget elementor-widget-blockquote\" data-id=\"47bbb49\" data-element_type=\"widget\" data-e-type=\"widget\" data-widget_type=\"blockquote.default\">\n\t\t\t\t<div class=\"elementor-widget-container\">\n\t\t\t\t\t\t\t<blockquote class=\"elementor-blockquote\">\n\t\t\t<p class=\"elementor-blockquote__content\">\n\t\t\t\t\"Ademo\u011flu be\u015f \u015feyden sorulmad\u0131k\u00e7a Allah'\u0131n huzurundan ayr\u0131lmaz: Hayat\u0131n\u0131 nas\u0131l ya\u015fad\u0131\u011f\u0131ndan, gen\u00e7li\u011fini nas\u0131l de\u011ferlendirdi\u011finden, mal\u0131n\u0131 hangi yollarla kazand\u0131\u011f\u0131ndan, mal\u0131n\u0131 nas\u0131l harcad\u0131\u011f\u0131ndan ve ilmiyle ne yapt\u0131\u011f\u0131ndan.\"\t\t\t<\/p>\n\t\t\t\t\t\t\t<div class=\"e-q-footer\">\n\t\t\t\t\t\t\t\t\t\t\t<cite class=\"elementor-blockquote__author\">Tirmidhi<\/cite>\n\t\t\t\t\t\t\t\t\t\t\t\t\t\t<\/div>\n\t\t\t\t\t<\/blockquote>\n\t\t\t\t\t\t<\/div>\n\t\t\t\t<\/div>\n\t\t\t\t<\/div>\n\t\t<div class=\"elementor-element elementor-element-301e791 e-con-full e-flex e-con e-child\" data-id=\"301e791\" data-element_type=\"container\" data-e-type=\"container\" data-settings=\"{&quot;background_background&quot;:&quot;classic&quot;}\">\n\t\t\t\t<div class=\"elementor-element elementor-element-efcfe04 elementor-widget elementor-widget-image\" data-id=\"efcfe04\" data-element_type=\"widget\" data-e-type=\"widget\" data-widget_type=\"image.default\">\n\t\t\t\t<div class=\"elementor-widget-container\">\n\t\t\t\t\t\t\t\t\t\t\t\t\t\t\t<img decoding=\"async\" width=\"500\" height=\"500\" src=\"https:\/\/iqra-quran.com\/wp-content\/uploads\/2022\/09\/quran.png\" class=\"attachment-full size-full wp-image-1558\" alt=\"\" srcset=\"https:\/\/iqra-quran.com\/wp-content\/uploads\/2022\/09\/quran.png 500w, https:\/\/iqra-quran.com\/wp-content\/uploads\/2022\/09\/quran-300x300.png 300w, https:\/\/iqra-quran.com\/wp-content\/uploads\/2022\/09\/quran-150x150.png 150w\" sizes=\"(max-width: 500px) 100vw, 500px\" \/>\t\t\t\t\t\t\t\t\t\t\t\t\t\t\t<\/div>\n\t\t\t\t<\/div>\n\t\t\t\t<\/div>\n\t\t\t\t<\/div>\n\t\t<div class=\"elementor-element elementor-element-b3e7c8a e-con-full e-flex e-con e-parent\" data-id=\"b3e7c8a\" data-element_type=\"container\" data-e-type=\"container\">\n\t\t<div class=\"elementor-element elementor-element-32d6a62 e-con-full e-flex e-con e-child\" data-id=\"32d6a62\" data-element_type=\"container\" data-e-type=\"container\" data-settings=\"{&quot;background_background&quot;:&quot;classic&quot;}\">\n\t\t<div class=\"elementor-element elementor-element-aa6a6c5 e-con-full e-flex e-con e-child\" data-id=\"aa6a6c5\" data-element_type=\"container\" data-e-type=\"container\">\n\t\t\t\t<div class=\"elementor-element elementor-element-5585bb9 elementor-widget elementor-widget-heading\" data-id=\"5585bb9\" data-element_type=\"widget\" data-e-type=\"widget\" data-widget_type=\"heading.default\">\n\t\t\t\t<div class=\"elementor-widget-container\">\n\t\t\t\t\t<h2 class=\"elementor-heading-title elementor-size-default\">Motivasyonumuz nedir?<\/h2>\t\t\t\t<\/div>\n\t\t\t\t<\/div>\n\t\t\t\t<div class=\"elementor-element elementor-element-71dbab1 elementor-widget elementor-widget-text-editor\" data-id=\"71dbab1\" data-element_type=\"widget\" data-e-type=\"widget\" data-widget_type=\"text-editor.default\">\n\t\t\t\t<div class=\"elementor-widget-container\">\n\t\t\t\t\t\t\t\t\t<p>Dinimizde bir ki\u015fi Yarat\u0131c\u0131s\u0131 hakk\u0131nda bilgi edinebildi\u011fi zaman kutsanm\u0131\u015f say\u0131l\u0131r. Bu, ki\u015finin &#8216;\u0130man&#8217;\u0131n\u0131 art\u0131racak ve b\u00f6ylece \u00f6b\u00fcr d\u00fcnyada ba\u015far\u0131l\u0131 olanlar aras\u0131nda yer alacakt\u0131r. Ben de \u0130slam hakk\u0131ndaki bilgileri m\u00fcmk\u00fcn oldu\u011funca kolay t\u00fcketilebilir hale getirmek i\u00e7in, m\u00fcmk\u00fcn oldu\u011funca az ki\u015fisel yorum ekleyerek ve sadece otantik kaynaklara ba\u011fl\u0131 kalarak bu web sitesini olu\u015fturmaya karar verdim.<\/p>\n\t\t\t\t\t\t\t\t<\/div>\n\t\t\t\t<\/div>\n\t\t\t\t<\/div>\n\t\t<div class=\"elementor-element elementor-element-3027642 e-con-full e-flex e-con e-child\" data-id=\"3027642\" data-element_type=\"container\" data-e-type=\"container\">\n\t\t\t\t<div class=\"elementor-element elementor-element-eb5cd75 elementor-widget elementor-widget-image\" data-id=\"eb5cd75\" data-element_type=\"widget\" data-e-type=\"widget\" data-widget_type=\"image.default\">\n\t\t\t\t<div class=\"elementor-widget-container\">\n\t\t\t\t\t\t\t\t\t\t\t\t\t\t\t<img decoding=\"async\" width=\"500\" height=\"748\" src=\"https:\/\/iqra-quran.com\/wp-content\/uploads\/2022\/09\/pexels-taha-elahi-12336414-min.jpg\" class=\"attachment-large size-large wp-image-1556\" alt=\"\" srcset=\"https:\/\/iqra-quran.com\/wp-content\/uploads\/2022\/09\/pexels-taha-elahi-12336414-min.jpg 500w, https:\/\/iqra-quran.com\/wp-content\/uploads\/2022\/09\/pexels-taha-elahi-12336414-min-201x300.jpg 201w\" sizes=\"(max-width: 500px) 100vw, 500px\" \/>\t\t\t\t\t\t\t\t\t\t\t\t\t\t\t<\/div>\n\t\t\t\t<\/div>\n\t\t\t\t<\/div>\n\t\t\t\t<\/div>\n\t\t\t\t<\/div>\n\t\t<div class=\"elementor-element elementor-element-09c176e e-flex e-con-boxed e-con e-parent\" data-id=\"09c176e\" data-element_type=\"container\" data-e-type=\"container\" data-settings=\"{&quot;background_background&quot;:&quot;classic&quot;}\">\n\t\t\t\t\t<div class=\"e-con-inner\">\n\t\t<div class=\"elementor-element elementor-element-2cc3fe4 e-con-full e-flex e-con e-child\" data-id=\"2cc3fe4\" data-element_type=\"container\" data-e-type=\"container\">\n\t\t\t\t<div class=\"elementor-element elementor-element-5e31eef elementor-widget__width-initial elementor-widget elementor-widget-image\" data-id=\"5e31eef\" data-element_type=\"widget\" data-e-type=\"widget\" data-widget_type=\"image.default\">\n\t\t\t\t<div class=\"elementor-widget-container\">\n\t\t\t\t\t\t\t\t\t\t\t\t\t\t\t<img loading=\"lazy\" decoding=\"async\" width=\"534\" height=\"534\" src=\"https:\/\/iqra-quran.com\/wp-content\/uploads\/2022\/08\/Favicon.png\" class=\"attachment-full size-full wp-image-1522\" alt=\"\" srcset=\"https:\/\/iqra-quran.com\/wp-content\/uploads\/2022\/08\/Favicon.png 534w, https:\/\/iqra-quran.com\/wp-content\/uploads\/2022\/08\/Favicon-300x300.png 300w, https:\/\/iqra-quran.com\/wp-content\/uploads\/2022\/08\/Favicon-150x150.png 150w\" sizes=\"(max-width: 534px) 100vw, 534px\" \/>\t\t\t\t\t\t\t\t\t\t\t\t\t\t\t<\/div>\n\t\t\t\t<\/div>\n\t\t\t\t<\/div>\n\t\t<div class=\"elementor-element elementor-element-f377430 e-con-full e-flex e-con e-child\" data-id=\"f377430\" data-element_type=\"container\" data-e-type=\"container\" data-settings=\"{&quot;background_background&quot;:&quot;classic&quot;}\">\n\t\t\t\t<div class=\"elementor-element elementor-element-716357b elementor-widget elementor-widget-heading\" data-id=\"716357b\" data-element_type=\"widget\" data-e-type=\"widget\" data-widget_type=\"heading.default\">\n\t\t\t\t<div class=\"elementor-widget-container\">\n\t\t\t\t\t<h2 class=\"elementor-heading-title elementor-size-default\">iqra-quran.com'un gelece\u011fi<\/h2>\t\t\t\t<\/div>\n\t\t\t\t<\/div>\n\t\t\t\t<div class=\"elementor-element elementor-element-8a59121 elementor-widget elementor-widget-text-editor\" data-id=\"8a59121\" data-element_type=\"widget\" data-e-type=\"widget\" data-widget_type=\"text-editor.default\">\n\t\t\t\t<div class=\"elementor-widget-container\">\n\t\t\t\t\t\t\t\t\t<p>Bu bizim m\u00fcmk\u00fcn oldu\u011funca uzun s\u00fcre devam ettirmek istedi\u011fimiz bir sevgi projemiz. Kur&#8217;an hakk\u0131nda daha fazla bilgi edindik\u00e7e, bunlar\u0131 burada yay\u0131nlayacak ve sizlerle payla\u015faca\u011f\u0131z. \u0130\u00e7eri\u011fimizle ilgileniyorsan\u0131z, i\u00e7eri\u011fimizden haberdar olmak i\u00e7in b\u00fcltenimize abone olabilirsiniz.<\/p>\n\t\t\t\t\t\t\t\t<\/div>\n\t\t\t\t<\/div>\n\t\t\t\t<div class=\"elementor-element elementor-element-f37a4bf elementor-widget elementor-widget-shortcode\" data-id=\"f37a4bf\" data-element_type=\"widget\" data-e-type=\"widget\" data-widget_type=\"shortcode.default\">\n\t\t\t\t<div class=\"elementor-widget-container\">\n\t\t\t\t\t\t\t<div class=\"elementor-shortcode\">  \n  \n  <div class=\"\n    mailpoet_form_popup_overlay\n      \"><\/div>\n  <div\n    id=\"mailpoet_form_1\"\n    class=\"\n      mailpoet_form\n      mailpoet_form_shortcode\n      mailpoet_form_position_\n      mailpoet_form_animation_\n    \"\n      >\n\n    <style type=\"text\/css\">\n     #mailpoet_form_1 .mailpoet_form {  }\n#mailpoet_form_1 .mailpoet_column_with_background { padding: 10px; }\n#mailpoet_form_1 .mailpoet_form_column:not(:first-child) { margin-left: 20px; }\n#mailpoet_form_1 .mailpoet_paragraph { line-height: 20px; margin-bottom: 20px; }\n#mailpoet_form_1 .mailpoet_segment_label, #mailpoet_form_1 .mailpoet_text_label, #mailpoet_form_1 .mailpoet_textarea_label, #mailpoet_form_1 .mailpoet_select_label, #mailpoet_form_1 .mailpoet_radio_label, #mailpoet_form_1 .mailpoet_checkbox_label, #mailpoet_form_1 .mailpoet_list_label, #mailpoet_form_1 .mailpoet_date_label { display: block; font-weight: normal; }\n#mailpoet_form_1 .mailpoet_text, #mailpoet_form_1 .mailpoet_textarea, #mailpoet_form_1 .mailpoet_select, #mailpoet_form_1 .mailpoet_date_month, #mailpoet_form_1 .mailpoet_date_day, #mailpoet_form_1 .mailpoet_date_year, #mailpoet_form_1 .mailpoet_date { display: block; }\n#mailpoet_form_1 .mailpoet_text, #mailpoet_form_1 .mailpoet_textarea { width: 200px; }\n#mailpoet_form_1 .mailpoet_checkbox {  }\n#mailpoet_form_1 .mailpoet_submit {  }\n#mailpoet_form_1 .mailpoet_divider {  }\n#mailpoet_form_1 .mailpoet_message {  }\n#mailpoet_form_1 .mailpoet_form_loading { width: 30px; text-align: center; line-height: normal; }\n#mailpoet_form_1 .mailpoet_form_loading > span { width: 5px; height: 5px; background-color: #5b5b5b; }#mailpoet_form_1{border-radius: 0px;text-align: center;}#mailpoet_form_1 form.mailpoet_form {padding: 0px;}#mailpoet_form_1{width: 100%;}#mailpoet_form_1 .mailpoet_message {margin: 0; padding: 0 20px;}#mailpoet_form_1 .mailpoet_paragraph.last {margin-bottom: 0} @media (max-width: 500px) {#mailpoet_form_1 {background-image: none;}} @media (min-width: 500px) {#mailpoet_form_1 .last .mailpoet_paragraph:last-child {margin-bottom: 0}}  @media (max-width: 500px) {#mailpoet_form_1 .mailpoet_form_column:last-child .mailpoet_paragraph:last-child {margin-bottom: 0}} \n    <\/style>\n\n    <form\n      target=\"_self\"\n      method=\"post\"\n      action=\"https:\/\/iqra-quran.com\/wp-admin\/admin-post.php?action=mailpoet_subscription_form\"\n      class=\"mailpoet_form mailpoet_form_form mailpoet_form_shortcode\"\n      novalidate\n      data-delay=\"\"\n      data-exit-intent-enabled=\"\"\n      data-font-family=\"\"\n      data-cookie-expiration-time=\"\"\n    >\n      <input type=\"hidden\" name=\"data[form_id]\" value=\"1\" \/>\n      <input type=\"hidden\" name=\"token\" value=\"f82cb53ef5\" \/>\n      <input type=\"hidden\" name=\"api_version\" value=\"v1\" \/>\n      <input type=\"hidden\" name=\"endpoint\" value=\"subscribers\" \/>\n      <input type=\"hidden\" name=\"mailpoet_method\" value=\"subscribe\" \/>\n\n      <label class=\"mailpoet_hp_email_label\" style=\"display: none !important;\">L\u00fctfen bu alan\u0131 bo\u015f b\u0131rak\u0131n<input type=\"email\" name=\"data[email]\"\/><\/label><div class=\"mailpoet_paragraph \"><input type=\"email\" autocomplete=\"email\" class=\"mailpoet_text\" id=\"form_email_1\" name=\"data[form_field_YTkxOTc0ZmMyOWI0X2VtYWls]\" title=\"Email Address\" value=\"\" style=\"width:100%;box-sizing:border-box;padding:10px;margin: 0 auto;\" data-automation-id=\"form_email\"  placeholder=\"Email Address *\" aria-label=\"Email Address *\" data-parsley-errors-container=\".mailpoet_error_9lx3s\" data-parsley-required=\"true\" required aria-required=\"true\" data-parsley-minlength=\"6\" data-parsley-maxlength=\"150\" data-parsley-type-message=\"Bu de\u011fer ge\u00e7erli bir e-posta olmal\u0131d\u0131r.\" data-parsley-required-message=\"Bu alan gereklidir.\"\/><span class=\"mailpoet_error_9lx3s\"><\/span><\/div>\n<div class=\"mailpoet_paragraph \"><input type=\"submit\" class=\"mailpoet_submit\" value=\"Subscribe!\" data-automation-id=\"subscribe-submit-button\" style=\"width:100%;box-sizing:border-box;padding:10px;margin: 0 auto;border-color:transparent;\" \/><span class=\"mailpoet_form_loading\"><span class=\"mailpoet_bounce1\"><\/span><span class=\"mailpoet_bounce2\"><\/span><span class=\"mailpoet_bounce3\"><\/span><\/span><\/div>\n\n      <div class=\"mailpoet_message\">\n        <p class=\"mailpoet_validate_success\"\n                style=\"display:none;\"\n                >You\u2019ve been successfully subscribed to our newsletter!\n        <\/p>\n        <p class=\"mailpoet_validate_error\"\n                style=\"display:none;\"\n                >        <\/p>\n      <\/div>\n    <\/form>\n\n      <\/div>\n\n  <\/div>\n\t\t\t\t\t\t<\/div>\n\t\t\t\t<\/div>\n\t\t\t\t<\/div>\n\t\t\t\t\t<\/div>\n\t\t\t\t<\/div>\n\t\t\t\t<\/div>\n\t\t","protected":false},"excerpt":{"rendered":"<p>Hakk\u0131m\u0131zda Benim ad\u0131m Serdarhan Uyar ve bu web sitesinin kurucusuyum. Kuran&#8217;\u0131 \u00f6\u011frenmek benim ki\u015fisel tutkumdur. Bu yolculuk, Allah&#8217;\u0131n insanl\u0131\u011fa verdi\u011fi mesaja ili\u015fkin anlay\u0131\u015f\u0131m\u0131 derinle\u015ftiriyor ve kendi inanc\u0131m\u0131 g\u00fc\u00e7lendiriyor. Bu web sitesini, ba\u015fkalar\u0131n\u0131n Allah&#8217;a olan inan\u00e7lar\u0131n\u0131 g\u00fc\u00e7lendirmek umuduyla kurdum. Benim motivasyonum, \u0130slam&#8217;a ilgi duyan insanlara O&#8217;nun mesaj\u0131n\u0131 yayarak Rabbimizi memnun etmektir. &#8220;Ademo\u011flu be\u015f \u015feyden sorulmad\u0131k\u00e7a Allah&#8217;\u0131n [&hellip;]<\/p>\n","protected":false},"author":3,"featured_media":0,"parent":0,"menu_order":0,"comment_status":"closed","ping_status":"closed","template":"","meta":{"iawp_total_views":86,"footnotes":""},"class_list":["post-1766","page","type-page","status-publish","hentry"],"_links":{"self":[{"href":"https:\/\/iqra-quran.com\/tr\/wp-json\/wp\/v2\/pages\/1766","targetHints":{"allow":["GET"]}}],"collection":[{"href":"https:\/\/iqra-quran.com\/tr\/wp-json\/wp\/v2\/pages"}],"about":[{"href":"https:\/\/iqra-quran.com\/tr\/wp-json\/wp\/v2\/types\/page"}],"author":[{"embeddable":true,"href":"https:\/\/iqra-quran.com\/tr\/wp-json\/wp\/v2\/users\/3"}],"replies":[{"embeddable":true,"href":"https:\/\/iqra-quran.com\/tr\/wp-json\/wp\/v2\/comments?post=1766"}],"version-history":[{"count":6,"href":"https:\/\/iqra-quran.com\/tr\/wp-json\/wp\/v2\/pages\/1766\/revisions"}],"predecessor-version":[{"id":4064,"href":"https:\/\/iqra-quran.com\/tr\/wp-json\/wp\/v2\/pages\/1766\/revisions\/4064"}],"wp:attachment":[{"href":"https:\/\/iqra-quran.com\/tr\/wp-json\/wp\/v2\/media?parent=1766"}],"curies":[{"name":"wp","href":"https:\/\/api.w.org\/{rel}","templated":true}]}}