{"id":1785,"date":"2022-08-16T19:59:31","date_gmt":"2022-08-16T19:59:31","guid":{"rendered":"https:\/\/iqra-quran.com\/blog\/"},"modified":"2024-05-30T14:01:43","modified_gmt":"2024-05-30T14:01:43","slug":"blog","status":"publish","type":"page","link":"https:\/\/iqra-quran.com\/tr\/blog\/","title":{"rendered":"Yaz\u0131lar"},"content":{"rendered":"\t\t<div data-elementor-type=\"wp-page\" data-elementor-id=\"1785\" class=\"elementor elementor-1785 elementor-261\" data-elementor-post-type=\"page\">\n\t\t\t\t<div class=\"elementor-element elementor-element-d414b9a e-flex e-con-boxed e-con e-parent\" data-id=\"d414b9a\" data-element_type=\"container\" data-e-type=\"container\" id=\"section_2\" data-settings=\"{&quot;background_background&quot;:&quot;classic&quot;}\">\n\t\t\t\t\t<div class=\"e-con-inner\">\n\t\t<div class=\"elementor-element elementor-element-aeaac97 e-flex e-con-boxed e-con e-child\" data-id=\"aeaac97\" data-element_type=\"container\" data-e-type=\"container\">\n\t\t\t\t\t<div class=\"e-con-inner\">\n\t\t<div class=\"elementor-element elementor-element-94001d8 e-con-full e-flex e-con e-child\" data-id=\"94001d8\" data-element_type=\"container\" data-e-type=\"container\">\n\t\t\t\t<div class=\"elementor-element elementor-element-84db32a elementor-widget elementor-widget-heading\" data-id=\"84db32a\" data-element_type=\"widget\" data-e-type=\"widget\" data-widget_type=\"heading.default\">\n\t\t\t\t<div class=\"elementor-widget-container\">\n\t\t\t\t\t<h2 class=\"elementor-heading-title elementor-size-default\">Kur'an Mucizeleri<\/h2>\t\t\t\t<\/div>\n\t\t\t\t<\/div>\n\t\t\t\t<div class=\"elementor-element elementor-element-6b5c63c elementor-widget elementor-widget-text-editor\" data-id=\"6b5c63c\" data-element_type=\"widget\" data-e-type=\"widget\" data-widget_type=\"text-editor.default\">\n\t\t\t\t<div class=\"elementor-widget-container\">\n\t\t\t\t\t\t\t\t\t<p>T\u00fcm dinler aras\u0131nda \u0130slam, tamamen tek tanr\u0131l\u0131 bir inan\u00e7 sistemi \u00f6\u011freten tek dindir. Ayr\u0131ca \u0130slam&#8217;\u0131n ilahi kitab\u0131 olan Kur&#8217;an&#8217;\u0131n do\u011frudan Tanr\u0131&#8217;n\u0131n konu\u015fmas\u0131 oldu\u011funu iddia eder.<\/p>\n<p>B\u00f6yle bir konu\u015fman\u0131n mucizevi olmas\u0131 hakl\u0131 olarak beklenebilir. Kur&#8217;an ger\u00e7ekten mucizevi bir kitaptir ve bu b\u00f6l\u00fcmde bu mucizelere ve anlamlar\u0131na daha yak\u0131ndan bakaca\u011f\u0131z.<\/p>\n\t\t\t\t\t\t\t\t<\/div>\n\t\t\t\t<\/div>\n\t\t\t\t<div class=\"elementor-element elementor-element-993d12a elementor-align-left elementor-widget elementor-widget-button\" data-id=\"993d12a\" data-element_type=\"widget\" data-e-type=\"widget\" data-widget_type=\"button.default\">\n\t\t\t\t<div class=\"elementor-widget-container\">\n\t\t\t\t\t\t\t\t\t<div class=\"elementor-button-wrapper\">\n\t\t\t\t\t<a class=\"elementor-button elementor-button-link elementor-size-sm\" href=\"https:\/\/iqra-quran.com\/tr\/kuran-mucizeleri\/\">\n\t\t\t\t\t\t<span class=\"elementor-button-content-wrapper\">\n\t\t\t\t\t\t\t\t\t<span class=\"elementor-button-text\">Daha fazla bilgi<\/span>\n\t\t\t\t\t<\/span>\n\t\t\t\t\t<\/a>\n\t\t\t\t<\/div>\n\t\t\t\t\t\t\t\t<\/div>\n\t\t\t\t<\/div>\n\t\t\t\t<\/div>\n\t\t<div class=\"elementor-element elementor-element-5237f0b elementor-hidden-tablet elementor-hidden-mobile e-flex e-con-boxed e-con e-child\" data-id=\"5237f0b\" data-element_type=\"container\" data-e-type=\"container\">\n\t\t\t\t\t<div class=\"e-con-inner\">\n\t\t\t\t\t<\/div>\n\t\t\t\t<\/div>\n\t\t\t\t\t<\/div>\n\t\t\t\t<\/div>\n\t\t\t\t\t<\/div>\n\t\t\t\t<\/div>\n\t\t<div class=\"elementor-element elementor-element-61e15f1 e-flex e-con-boxed e-con e-parent\" data-id=\"61e15f1\" data-element_type=\"container\" data-e-type=\"container\" id=\"section_1\" data-settings=\"{&quot;background_background&quot;:&quot;classic&quot;}\">\n\t\t\t\t\t<div class=\"e-con-inner\">\n\t\t<div class=\"elementor-element elementor-element-1869ea5 e-flex e-con-boxed e-con e-child\" data-id=\"1869ea5\" data-element_type=\"container\" data-e-type=\"container\">\n\t\t\t\t\t<div class=\"e-con-inner\">\n\t\t<div class=\"elementor-element elementor-element-735ad01 e-con-full e-flex e-con e-child\" data-id=\"735ad01\" data-element_type=\"container\" data-e-type=\"container\">\n\t\t\t\t<div class=\"elementor-element elementor-element-a000e59 elementor-widget elementor-widget-heading\" data-id=\"a000e59\" data-element_type=\"widget\" data-e-type=\"widget\" data-widget_type=\"heading.default\">\n\t\t\t\t<div class=\"elementor-widget-container\">\n\t\t\t\t\t<h2 class=\"elementor-heading-title elementor-size-default\">Bir Yarat\u0131c\u0131 i\u00e7in Arg\u00fcmanlar<\/h2>\t\t\t\t<\/div>\n\t\t\t\t<\/div>\n\t\t\t\t<div class=\"elementor-element elementor-element-b14e72c elementor-widget elementor-widget-text-editor\" data-id=\"b14e72c\" data-element_type=\"widget\" data-e-type=\"widget\" data-widget_type=\"text-editor.default\">\n\t\t\t\t<div class=\"elementor-widget-container\">\n\t\t\t\t\t\t\t\t\t<p>\u0130nanmayan birini Tanr\u0131&#8217;n\u0131n ilahi kitab\u0131yla Tanr\u0131&#8217;n\u0131n varl\u0131\u011f\u0131na ikna etmek zor olabilir. \u0130nan\u00e7s\u0131z biri en ba\u015fta o kitaba inanmaz. Ancak Tanr\u0131&#8217;n\u0131n varl\u0131\u011f\u0131n\u0131 birine kan\u0131tlamak ya da sadece ki\u015finin kendi inanc\u0131n\u0131 g\u00fc\u00e7lendirmek i\u00e7in kullan\u0131labilecek pek \u00e7ok mant\u0131kl\u0131 ve rasyonel arg\u00fcman vard\u0131r.<\/p>\n<p>Bu b\u00f6l\u00fcmde bu t\u00fcr arg\u00fcmanlar\u0131 inceleyece\u011fiz.<\/p>\n\t\t\t\t\t\t\t\t<\/div>\n\t\t\t\t<\/div>\n\t\t\t\t<div class=\"elementor-element elementor-element-b44da34 elementor-align-left elementor-widget elementor-widget-button\" data-id=\"b44da34\" data-element_type=\"widget\" data-e-type=\"widget\" data-widget_type=\"button.default\">\n\t\t\t\t<div class=\"elementor-widget-container\">\n\t\t\t\t\t\t\t\t\t<div class=\"elementor-button-wrapper\">\n\t\t\t\t\t<a class=\"elementor-button elementor-button-link elementor-size-sm\" href=\"https:\/\/iqra-quran.com\/tr\/bir-yaratici-icin-argumanlar\/\">\n\t\t\t\t\t\t<span class=\"elementor-button-content-wrapper\">\n\t\t\t\t\t\t\t\t\t<span class=\"elementor-button-text\">Daha fazla bilgi<\/span>\n\t\t\t\t\t<\/span>\n\t\t\t\t\t<\/a>\n\t\t\t\t<\/div>\n\t\t\t\t\t\t\t\t<\/div>\n\t\t\t\t<\/div>\n\t\t\t\t<\/div>\n\t\t<div class=\"elementor-element elementor-element-d29a3da elementor-hidden-tablet elementor-hidden-mobile e-flex e-con-boxed e-con e-child\" data-id=\"d29a3da\" data-element_type=\"container\" data-e-type=\"container\">\n\t\t\t\t\t<div class=\"e-con-inner\">\n\t\t\t\t\t<\/div>\n\t\t\t\t<\/div>\n\t\t\t\t\t<\/div>\n\t\t\t\t<\/div>\n\t\t\t\t\t<\/div>\n\t\t\t\t<\/div>\n\t\t<div class=\"elementor-element elementor-element-93d7acf e-flex e-con-boxed e-con e-parent\" data-id=\"93d7acf\" data-element_type=\"container\" data-e-type=\"container\" data-settings=\"{&quot;background_background&quot;:&quot;classic&quot;}\">\n\t\t\t\t\t<div class=\"e-con-inner\">\n\t\t<div class=\"elementor-element elementor-element-76c1369 e-flex e-con-boxed e-con e-child\" data-id=\"76c1369\" data-element_type=\"container\" data-e-type=\"container\">\n\t\t\t\t\t<div class=\"e-con-inner\">\n\t\t<div class=\"elementor-element elementor-element-2079398 e-con-full e-flex e-con e-child\" data-id=\"2079398\" data-element_type=\"container\" data-e-type=\"container\">\n\t\t\t\t<div class=\"elementor-element elementor-element-dd94311 elementor-widget elementor-widget-heading\" data-id=\"dd94311\" data-element_type=\"widget\" data-e-type=\"widget\" data-widget_type=\"heading.default\">\n\t\t\t\t<div class=\"elementor-widget-container\">\n\t\t\t\t\t<h2 class=\"elementor-heading-title elementor-size-default\">Kur'an'\u0131n Sureleri<\/h2>\t\t\t\t<\/div>\n\t\t\t\t<\/div>\n\t\t\t\t<div class=\"elementor-element elementor-element-7cf6a30 elementor-widget elementor-widget-text-editor\" data-id=\"7cf6a30\" data-element_type=\"widget\" data-e-type=\"widget\" data-widget_type=\"text-editor.default\">\n\t\t\t\t<div class=\"elementor-widget-container\">\n\t\t\t\t\t\t\t\t\t<p>Kur&#8217;an&#8217;\u0131n b\u00f6l\u00fcmlerini rehberli bir \u015fekilde ke\u015ffetmeye ba\u015flay\u0131n. Her b\u00f6l\u00fcm, ele al\u0131nan konular\u0131n derinli\u011fini ve geni\u015fli\u011fini <b>yeni okuyucular\u0131n anlamas\u0131na yard\u0131mc\u0131<\/b> olmak i\u00e7in &#8220;Ruku&#8221; ad\u0131 verilen ufak par\u00e7alara ayr\u0131lm\u0131\u015ft\u0131r. <\/p>\n<p>Bu b\u00f6l\u00fcm, her bir Ruku\u2019nun <b>k\u0131sa a\u00e7\u0131klamalar\u0131n\u0131<\/b> sunmakta, t\u00fcm kutsal <b>i\u00e7eri\u011fini a\u00e7\u0131\u011fa vurmadan<\/b> temalar\u0131 ve direktifleri ayd\u0131nlatmaktad\u0131r.<\/p>\n\t\t\t\t\t\t\t\t<\/div>\n\t\t\t\t<\/div>\n\t\t\t\t<div class=\"elementor-element elementor-element-8e5fb85 elementor-align-left elementor-widget elementor-widget-button\" data-id=\"8e5fb85\" data-element_type=\"widget\" data-e-type=\"widget\" data-widget_type=\"button.default\">\n\t\t\t\t<div class=\"elementor-widget-container\">\n\t\t\t\t\t\t\t\t\t<div class=\"elementor-button-wrapper\">\n\t\t\t\t\t<a class=\"elementor-button elementor-button-link elementor-size-sm\" href=\"https:\/\/iqra-quran.com\/tr\/kuran-i-kerim\/\">\n\t\t\t\t\t\t<span class=\"elementor-button-content-wrapper\">\n\t\t\t\t\t\t\t\t\t<span class=\"elementor-button-text\">Daha fazla bilgi<\/span>\n\t\t\t\t\t<\/span>\n\t\t\t\t\t<\/a>\n\t\t\t\t<\/div>\n\t\t\t\t\t\t\t\t<\/div>\n\t\t\t\t<\/div>\n\t\t\t\t<\/div>\n\t\t<div class=\"elementor-element elementor-element-d21c704 elementor-hidden-tablet elementor-hidden-mobile e-flex e-con-boxed e-con e-child\" data-id=\"d21c704\" data-element_type=\"container\" data-e-type=\"container\">\n\t\t\t\t\t<div class=\"e-con-inner\">\n\t\t\t\t\t<\/div>\n\t\t\t\t<\/div>\n\t\t\t\t\t<\/div>\n\t\t\t\t<\/div>\n\t\t\t\t\t<\/div>\n\t\t\t\t<\/div>\n\t\t<div class=\"elementor-element elementor-element-a0bebd5 e-flex e-con-boxed e-con e-parent\" data-id=\"a0bebd5\" data-element_type=\"container\" data-e-type=\"container\" id=\"section_3\" data-settings=\"{&quot;background_background&quot;:&quot;classic&quot;}\">\n\t\t\t\t\t<div class=\"e-con-inner\">\n\t\t<div class=\"elementor-element elementor-element-f320824 e-flex e-con-boxed e-con e-child\" data-id=\"f320824\" data-element_type=\"container\" data-e-type=\"container\">\n\t\t\t\t\t<div class=\"e-con-inner\">\n\t\t<div class=\"elementor-element elementor-element-b7fc63c e-con-full e-flex e-con e-child\" data-id=\"b7fc63c\" data-element_type=\"container\" data-e-type=\"container\">\n\t\t\t\t<div class=\"elementor-element elementor-element-e173614 elementor-widget elementor-widget-heading\" data-id=\"e173614\" data-element_type=\"widget\" data-e-type=\"widget\" data-widget_type=\"heading.default\">\n\t\t\t\t<div class=\"elementor-widget-container\">\n\t\t\t\t\t<h2 class=\"elementor-heading-title elementor-size-default\">\u0130slami Bilgiler<\/h2>\t\t\t\t<\/div>\n\t\t\t\t<\/div>\n\t\t\t\t<div class=\"elementor-element elementor-element-e65fed6 elementor-widget elementor-widget-text-editor\" data-id=\"e65fed6\" data-element_type=\"widget\" data-e-type=\"widget\" data-widget_type=\"text-editor.default\">\n\t\t\t\t<div class=\"elementor-widget-container\">\n\t\t\t\t\t\t\t\t\t<p>&#8216;Allah&#8217;\u0131n iradesine teslim olan insanlar&#8217; anlam\u0131na gelen M\u00fcsl\u00fcmanlar\u0131n iki \u0130slami bilgi kayna\u011f\u0131 vard\u0131r. Bunlardan ilki Kur&#8217;an-\u0131 Kerim, ikincisi ise Peygamber Muhammed&#8217;in (s.a.v.) s\u00f6zlerini i\u00e7eren hadis kitaplar\u0131d\u0131r. <\/p>\n<p>Bu b\u00f6l\u00fcmde, bu iki kayna\u011f\u0131n yard\u0131m\u0131yla \u0130slam&#8217;\u0131n \u00e7e\u015fitli konular\u0131 hakk\u0131nda bilgi edinece\u011fiz.<\/p>\n\t\t\t\t\t\t\t\t<\/div>\n\t\t\t\t<\/div>\n\t\t\t\t<div class=\"elementor-element elementor-element-fd931eb elementor-align-left elementor-widget elementor-widget-button\" data-id=\"fd931eb\" data-element_type=\"widget\" data-e-type=\"widget\" data-widget_type=\"button.default\">\n\t\t\t\t<div class=\"elementor-widget-container\">\n\t\t\t\t\t\t\t\t\t<div class=\"elementor-button-wrapper\">\n\t\t\t\t\t<a class=\"elementor-button elementor-button-link elementor-size-sm\" href=\"#\">\n\t\t\t\t\t\t<span class=\"elementor-button-content-wrapper\">\n\t\t\t\t\t\t\t\t\t<span class=\"elementor-button-text\">\u00c7ok yak\u0131nda<\/span>\n\t\t\t\t\t<\/span>\n\t\t\t\t\t<\/a>\n\t\t\t\t<\/div>\n\t\t\t\t\t\t\t\t<\/div>\n\t\t\t\t<\/div>\n\t\t\t\t<\/div>\n\t\t<div class=\"elementor-element elementor-element-dc64630 elementor-hidden-tablet elementor-hidden-mobile e-flex e-con-boxed e-con e-child\" data-id=\"dc64630\" data-element_type=\"container\" data-e-type=\"container\">\n\t\t\t\t\t<div class=\"e-con-inner\">\n\t\t\t\t\t<\/div>\n\t\t\t\t<\/div>\n\t\t\t\t\t<\/div>\n\t\t\t\t<\/div>\n\t\t\t\t\t<\/div>\n\t\t\t\t<\/div>\n\t\t\t\t<\/div>\n\t\t","protected":false},"excerpt":{"rendered":"<p>Kur&#8217;an Mucizeleri T\u00fcm dinler aras\u0131nda \u0130slam, tamamen tek tanr\u0131l\u0131 bir inan\u00e7 sistemi \u00f6\u011freten tek dindir. Ayr\u0131ca \u0130slam&#8217;\u0131n ilahi kitab\u0131 olan Kur&#8217;an&#8217;\u0131n do\u011frudan Tanr\u0131&#8217;n\u0131n konu\u015fmas\u0131 oldu\u011funu iddia eder. B\u00f6yle bir konu\u015fman\u0131n mucizevi olmas\u0131 hakl\u0131 olarak beklenebilir. Kur&#8217;an ger\u00e7ekten mucizevi bir kitaptir ve bu b\u00f6l\u00fcmde bu mucizelere ve anlamlar\u0131na daha yak\u0131ndan bakaca\u011f\u0131z. Daha fazla bilgi Bir Yarat\u0131c\u0131 [&hellip;]<\/p>\n","protected":false},"author":3,"featured_media":0,"parent":0,"menu_order":0,"comment_status":"closed","ping_status":"closed","template":"","meta":{"iawp_total_views":8,"footnotes":""},"class_list":["post-1785","page","type-page","status-publish","hentry"],"_links":{"self":[{"href":"https:\/\/iqra-quran.com\/tr\/wp-json\/wp\/v2\/pages\/1785","targetHints":{"allow":["GET"]}}],"collection":[{"href":"https:\/\/iqra-quran.com\/tr\/wp-json\/wp\/v2\/pages"}],"about":[{"href":"https:\/\/iqra-quran.com\/tr\/wp-json\/wp\/v2\/types\/page"}],"author":[{"embeddable":true,"href":"https:\/\/iqra-quran.com\/tr\/wp-json\/wp\/v2\/users\/3"}],"replies":[{"embeddable":true,"href":"https:\/\/iqra-quran.com\/tr\/wp-json\/wp\/v2\/comments?post=1785"}],"version-history":[{"count":4,"href":"https:\/\/iqra-quran.com\/tr\/wp-json\/wp\/v2\/pages\/1785\/revisions"}],"predecessor-version":[{"id":3232,"href":"https:\/\/iqra-quran.com\/tr\/wp-json\/wp\/v2\/pages\/1785\/revisions\/3232"}],"wp:attachment":[{"href":"https:\/\/iqra-quran.com\/tr\/wp-json\/wp\/v2\/media?parent=1785"}],"curies":[{"name":"wp","href":"https:\/\/api.w.org\/{rel}","templated":true}]}}